{"id":764,"date":"2025-12-05T16:07:17","date_gmt":"2025-12-05T09:07:17","guid":{"rendered":"https:\/\/tndgenerator.123websitedev.com\/?post_type=product&#038;p=764"},"modified":"2025-12-05T19:25:25","modified_gmt":"2025-12-05T12:25:25","slug":"intelilife-mrs-11","status":"publish","type":"product","link":"https:\/\/tndgenerator.com\/en\/san-pham\/intelilife-mrs-11\/","title":{"rendered":"InteliLife MRS 11"},"content":{"rendered":"<p data-start=\"473\" data-end=\"783\"><strong data-start=\"473\" data-end=\"500\">ComAp InteliLite MRS 11<\/strong> This is a specialized generator controller designed for standalone generator systems (Manual\/Remote Start). The product features a compact design, intuitive interface, and integrated monitoring and protection functions to ensure smooth generator operation. <strong data-start=\"741\" data-end=\"782\">stable \u2013 safe \u2013 cost-effective<\/strong>.<\/p>\n<p data-start=\"785\" data-end=\"1118\">The device clearly displays important parameters such as voltage, current, frequency, oil pressure, coolant temperature, etc., making it easy for operators to monitor the machine's condition. The controller also integrates many automatic protection features such as overload, overheating, low oil, and phase loss, helping to prevent malfunctions and increase the lifespan of the generator.<\/p>\n<p data-start=\"1120\" data-end=\"1342\">The ComAp InteliLite MRS 11 is compatible with many residential and industrial generator sets, making it suitable for use in various applications. <strong data-start=\"1230\" data-end=\"1288\">factories, buildings, hospitals, pumping stations, industrial zones<\/strong>or facilities that require a stable backup power supply.<\/p>","protected":false},"excerpt":{"rendered":"<p data-start=\"244\" data-end=\"414\">ComAp InteliLite MRS 11 l\u00e0 b\u1ed9 \u0111i\u1ec1u khi\u1ec3n m\u00e1y ph\u00e1t \u0111i\u1ec7n \u0111\u01a1n, h\u1ed7 tr\u1ee3 gi\u00e1m s\u00e1t \u2013 b\u1ea3o v\u1ec7 \u2013 \u0111i\u1ec1u khi\u1ec3n th\u00f4ng minh, v\u1eadn h\u00e0nh \u1ed5n \u0111\u1ecbnh v\u00e0 d\u1ec5 s\u1eed d\u1ee5ng cho nhi\u1ec1u lo\u1ea1i m\u00e1y ph\u00e1t \u0111i\u1ec7n.<\/p>","protected":false},"featured_media":739,"comment_status":"closed","ping_status":"closed","template":"","meta":[],"yoast_head":"<!-- This site is optimized with the Yoast SEO Premium plugin v20.9 (Yoast SEO v20.9) - https:\/\/yoast.com\/wordpress\/plugins\/seo\/ -->\n<title>InteliLife MRS 11 - TND Generator<\/title>\n<meta name=\"robots\" content=\"noindex, follow\" \/>\n<meta name=\"twitter:label1\" content=\"Est. reading time\" \/>\n\t<meta name=\"twitter:data1\" content=\"1 minute\" \/>\n<script type=\"application\/ld+json\" class=\"yoast-schema-graph\">{\"@context\":\"https:\/\/schema.org\",\"@graph\":[{\"@type\":\"WebPage\",\"@id\":\"https:\/\/tndgenerator.com\/san-pham\/intelilife-mrs-11\/\",\"url\":\"https:\/\/tndgenerator.com\/san-pham\/intelilife-mrs-11\/\",\"name\":\"InteliLife MRS 11 - TND Generator\",\"isPartOf\":{\"@id\":\"https:\/\/tndgenerator.com\/#website\"},\"datePublished\":\"2025-12-05T09:07:17+00:00\",\"dateModified\":\"2025-12-05T12:25:25+00:00\",\"breadcrumb\":{\"@id\":\"https:\/\/tndgenerator.com\/san-pham\/intelilife-mrs-11\/#breadcrumb\"},\"inLanguage\":\"en-US\",\"potentialAction\":[{\"@type\":\"ReadAction\",\"target\":[\"https:\/\/tndgenerator.com\/san-pham\/intelilife-mrs-11\/\"]}]},{\"@type\":\"BreadcrumbList\",\"@id\":\"https:\/\/tndgenerator.com\/san-pham\/intelilife-mrs-11\/#breadcrumb\",\"itemListElement\":[{\"@type\":\"ListItem\",\"position\":1,\"name\":\"Home\",\"item\":\"https:\/\/tndgenerator.com\/\"},{\"@type\":\"ListItem\",\"position\":2,\"name\":\"S\u1ea3n ph\u1ea9m\",\"item\":\"https:\/\/tndgenerator.com\/san-pham\/\"},{\"@type\":\"ListItem\",\"position\":3,\"name\":\"InteliLife MRS 11\"}]},{\"@type\":\"WebSite\",\"@id\":\"https:\/\/tndgenerator.com\/#website\",\"url\":\"https:\/\/tndgenerator.com\/\",\"name\":\"TND Generator\",\"description\":\"\",\"potentialAction\":[{\"@type\":\"SearchAction\",\"target\":{\"@type\":\"EntryPoint\",\"urlTemplate\":\"https:\/\/tndgenerator.com\/?s={search_term_string}\"},\"query-input\":\"required name=search_term_string\"}],\"inLanguage\":\"en-US\"}]}<\/script>\n<!-- \/ Yoast SEO Premium plugin. -->","yoast_head_json":{"title":"InteliLife MRS 11 - TND Generator","robots":{"index":"noindex","follow":"follow"},"twitter_misc":{"Est. reading time":"1 minute"},"schema":{"@context":"https:\/\/schema.org","@graph":[{"@type":"WebPage","@id":"https:\/\/tndgenerator.com\/san-pham\/intelilife-mrs-11\/","url":"https:\/\/tndgenerator.com\/san-pham\/intelilife-mrs-11\/","name":"InteliLife MRS 11 - TND Generator","isPartOf":{"@id":"https:\/\/tndgenerator.com\/#website"},"datePublished":"2025-12-05T09:07:17+00:00","dateModified":"2025-12-05T12:25:25+00:00","breadcrumb":{"@id":"https:\/\/tndgenerator.com\/san-pham\/intelilife-mrs-11\/#breadcrumb"},"inLanguage":"en-US","potentialAction":[{"@type":"ReadAction","target":["https:\/\/tndgenerator.com\/san-pham\/intelilife-mrs-11\/"]}]},{"@type":"BreadcrumbList","@id":"https:\/\/tndgenerator.com\/san-pham\/intelilife-mrs-11\/#breadcrumb","itemListElement":[{"@type":"ListItem","position":1,"name":"Home","item":"https:\/\/tndgenerator.com\/"},{"@type":"ListItem","position":2,"name":"S\u1ea3n ph\u1ea9m","item":"https:\/\/tndgenerator.com\/san-pham\/"},{"@type":"ListItem","position":3,"name":"InteliLife MRS 11"}]},{"@type":"WebSite","@id":"https:\/\/tndgenerator.com\/#website","url":"https:\/\/tndgenerator.com\/","name":"TND Generator","description":"","potentialAction":[{"@type":"SearchAction","target":{"@type":"EntryPoint","urlTemplate":"https:\/\/tndgenerator.com\/?s={search_term_string}"},"query-input":"required name=search_term_string"}],"inLanguage":"en-US"}]}},"_links":{"self":[{"href":"https:\/\/tndgenerator.com\/en\/wp-json\/wp\/v2\/product\/764"}],"collection":[{"href":"https:\/\/tndgenerator.com\/en\/wp-json\/wp\/v2\/product"}],"about":[{"href":"https:\/\/tndgenerator.com\/en\/wp-json\/wp\/v2\/types\/product"}],"replies":[{"embeddable":true,"href":"https:\/\/tndgenerator.com\/en\/wp-json\/wp\/v2\/comments?post=764"}],"wp:featuredmedia":[{"embeddable":true,"href":"https:\/\/tndgenerator.com\/en\/wp-json\/wp\/v2\/media\/739"}],"wp:attachment":[{"href":"https:\/\/tndgenerator.com\/en\/wp-json\/wp\/v2\/media?parent=764"}],"curies":[{"name":"wp","href":"https:\/\/api.w.org\/{rel}","templated":true}]}}